{"id":49,"date":"2024-11-11T08:05:47","date_gmt":"2024-11-11T07:05:47","guid":{"rendered":"https:\/\/latajznami.com\/?page_id=49"},"modified":"2025-12-31T10:00:22","modified_gmt":"2025-12-31T09:00:22","slug":"vouchery","status":"publish","type":"page","link":"https:\/\/latajznami.com\/?page_id=49","title":{"rendered":"Vouchery"},"content":{"rendered":"\n<p><strong>LOTY ZAPOZNAWCZE<\/strong><\/p>\n\n\n\n<p>Lot wiatrakowce to spos\u00f3b na podarowanie innej osobie niezapomnianych wra\u017ce\u0144 wraz z mo\u017cliwo\u015bci\u0105 sterowania .<\/p>\n\n\n\n<p>Widoki , wysoko\u015b\u0107 , mo\u017cliwo\u015b\u0107 pilotowania to prezent kt\u00f3ry na zawsze pozostawi \u015blad w pami\u0119ci i przede wszystkim sercu. I Ty mo\u017cesz by\u0107 tym darczy\u0144c\u0105, mo\u017cesz to zrobi\u0107 dla kogo\u015b na ka\u017cd\u0105 okazj\u0119 . <\/p>\n\n\n\n<figure class=\"wp-block-image size-full\"><img loading=\"lazy\" decoding=\"async\" width=\"1003\" height=\"559\" src=\"https:\/\/latajznami.com\/wp-content\/uploads\/2025\/12\/C25642E6-59EA-4FEE-8096-F7338E082D4B_1_201_a.jpeg\" alt=\"\" class=\"wp-image-192\" srcset=\"https:\/\/latajznami.com\/wp-content\/uploads\/2025\/12\/C25642E6-59EA-4FEE-8096-F7338E082D4B_1_201_a.jpeg 1003w, https:\/\/latajznami.com\/wp-content\/uploads\/2025\/12\/C25642E6-59EA-4FEE-8096-F7338E082D4B_1_201_a-300x167.jpeg 300w, https:\/\/latajznami.com\/wp-content\/uploads\/2025\/12\/C25642E6-59EA-4FEE-8096-F7338E082D4B_1_201_a-768x428.jpeg 768w\" sizes=\"auto, (max-width: 706px) 89vw, (max-width: 767px) 82vw, 740px\" \/><\/figure>\n","protected":false},"excerpt":{"rendered":"<p>LOTY ZAPOZNAWCZE Lot wiatrakowce to spos\u00f3b na podarowanie innej osobie niezapomnianych wra\u017ce\u0144 wraz z mo\u017cliwo\u015bci\u0105 sterowania . Widoki , wysoko\u015b\u0107 , mo\u017cliwo\u015b\u0107 pilotowania to prezent kt\u00f3ry na zawsze pozostawi \u015blad w pami\u0119ci i przede wszystkim sercu. I Ty mo\u017cesz by\u0107 tym darczy\u0144c\u0105, mo\u017cesz to zrobi\u0107 dla kogo\u015b na ka\u017cd\u0105 okazj\u0119 .<\/p>\n","protected":false},"author":1,"featured_media":0,"parent":0,"menu_order":0,"comment_status":"closed","ping_status":"closed","template":"","meta":{"footnotes":""},"class_list":["post-49","page","type-page","status-publish","hentry"],"jetpack_sharing_enabled":true,"_links":{"self":[{"href":"https:\/\/latajznami.com\/index.php?rest_route=\/wp\/v2\/pages\/49","targetHints":{"allow":["GET"]}}],"collection":[{"href":"https:\/\/latajznami.com\/index.php?rest_route=\/wp\/v2\/pages"}],"about":[{"href":"https:\/\/latajznami.com\/index.php?rest_route=\/wp\/v2\/types\/page"}],"author":[{"embeddable":true,"href":"https:\/\/latajznami.com\/index.php?rest_route=\/wp\/v2\/users\/1"}],"replies":[{"embeddable":true,"href":"https:\/\/latajznami.com\/index.php?rest_route=%2Fwp%2Fv2%2Fcomments&post=49"}],"version-history":[{"count":5,"href":"https:\/\/latajznami.com\/index.php?rest_route=\/wp\/v2\/pages\/49\/revisions"}],"predecessor-version":[{"id":193,"href":"https:\/\/latajznami.com\/index.php?rest_route=\/wp\/v2\/pages\/49\/revisions\/193"}],"wp:attachment":[{"href":"https:\/\/latajznami.com\/index.php?rest_route=%2Fwp%2Fv2%2Fmedia&parent=49"}],"curies":[{"name":"wp","href":"https:\/\/api.w.org\/{rel}","templated":true}]}}