{"id":21,"date":"2024-11-11T07:05:35","date_gmt":"2024-11-11T06:05:35","guid":{"rendered":"https:\/\/latajznami.com\/?page_id=21"},"modified":"2025-04-28T08:10:40","modified_gmt":"2025-04-28T06:10:40","slug":"ladowisko","status":"publish","type":"page","link":"https:\/\/latajznami.com\/?page_id=21","title":{"rendered":"L\u0105dowisko"},"content":{"rendered":"\n<p><mark style=\"background-color:#ffffff\" class=\"has-inline-color has-black-color\">L\u0105dowisko znajduje si\u0119 40 km. od Warszawy przy trasie nr 62 po mi\u0119dzy Serockiem a Wyszkowem<\/mark><\/p>\n\n\n\n<p><a href=\"https:\/\/maps.app.goo.gl\/8ca3U1ioui2z5GLj9\"><strong><mark style=\"background-color:#ffffff\" class=\"has-inline-color has-black-color\">https:\/\/maps.app.goo.gl\/8ca3U1ioui2z5GLj9<\/mark><\/strong><\/a><\/p>\n\n\n\n<figure class=\"wp-block-image size-large\"><img loading=\"lazy\" decoding=\"async\" width=\"1024\" height=\"634\" src=\"https:\/\/latajznami.com\/wp-content\/uploads\/2024\/11\/Zrzut-ekranu-2024-11-16-o-16.04.23-1024x634.png\" alt=\"\" class=\"wp-image-119\" srcset=\"https:\/\/latajznami.com\/wp-content\/uploads\/2024\/11\/Zrzut-ekranu-2024-11-16-o-16.04.23-1024x634.png 1024w, https:\/\/latajznami.com\/wp-content\/uploads\/2024\/11\/Zrzut-ekranu-2024-11-16-o-16.04.23-300x186.png 300w, https:\/\/latajznami.com\/wp-content\/uploads\/2024\/11\/Zrzut-ekranu-2024-11-16-o-16.04.23-768x475.png 768w, https:\/\/latajznami.com\/wp-content\/uploads\/2024\/11\/Zrzut-ekranu-2024-11-16-o-16.04.23.png 1052w\" sizes=\"auto, (max-width: 706px) 89vw, (max-width: 767px) 82vw, 740px\" \/><\/figure>\n\n\n\n<figure class=\"wp-block-image size-large\"><img loading=\"lazy\" decoding=\"async\" width=\"768\" height=\"1024\" src=\"https:\/\/latajznami.com\/wp-content\/uploads\/2025\/04\/IMG_5352-768x1024.jpeg\" alt=\"\" class=\"wp-image-166\" srcset=\"https:\/\/latajznami.com\/wp-content\/uploads\/2025\/04\/IMG_5352-768x1023.jpeg 768w, https:\/\/latajznami.com\/wp-content\/uploads\/2025\/04\/IMG_5352-225x300.jpeg 225w, https:\/\/latajznami.com\/wp-content\/uploads\/2025\/04\/IMG_5352-1153x1536.jpeg 1153w, https:\/\/latajznami.com\/wp-content\/uploads\/2025\/04\/IMG_5352-1537x2048.jpeg 1537w, https:\/\/latajznami.com\/wp-content\/uploads\/2025\/04\/IMG_5352.jpeg 1576w\" sizes=\"auto, (max-width: 706px) 89vw, (max-width: 767px) 82vw, 740px\" \/><\/figure>\n\n\n\n\n\n<figure class=\"wp-block-image size-large\"><img loading=\"lazy\" decoding=\"async\" width=\"814\" height=\"1024\" src=\"https:\/\/latajznami.com\/wp-content\/uploads\/2025\/04\/IMG_5611-814x1024.jpeg\" alt=\"\" class=\"wp-image-164\" srcset=\"https:\/\/latajznami.com\/wp-content\/uploads\/2025\/04\/IMG_5611-814x1024.jpeg 814w, https:\/\/latajznami.com\/wp-content\/uploads\/2025\/04\/IMG_5611-238x300.jpeg 238w, https:\/\/latajznami.com\/wp-content\/uploads\/2025\/04\/IMG_5611-768x967.jpeg 768w, https:\/\/latajznami.com\/wp-content\/uploads\/2025\/04\/IMG_5611.jpeg 1133w\" sizes=\"auto, (max-width: 706px) 89vw, (max-width: 767px) 82vw, 740px\" \/><\/figure>\n","protected":false},"excerpt":{"rendered":"<p>L\u0105dowisko znajduje si\u0119 40 km. od Warszawy przy trasie nr 62 po mi\u0119dzy Serockiem a Wyszkowem https:\/\/maps.app.goo.gl\/8ca3U1ioui2z5GLj9<\/p>\n","protected":false},"author":1,"featured_media":0,"parent":0,"menu_order":0,"comment_status":"closed","ping_status":"closed","template":"","meta":{"footnotes":""},"class_list":["post-21","page","type-page","status-publish","hentry"],"jetpack_sharing_enabled":true,"_links":{"self":[{"href":"https:\/\/latajznami.com\/index.php?rest_route=\/wp\/v2\/pages\/21","targetHints":{"allow":["GET"]}}],"collection":[{"href":"https:\/\/latajznami.com\/index.php?rest_route=\/wp\/v2\/pages"}],"about":[{"href":"https:\/\/latajznami.com\/index.php?rest_route=\/wp\/v2\/types\/page"}],"author":[{"embeddable":true,"href":"https:\/\/latajznami.com\/index.php?rest_route=\/wp\/v2\/users\/1"}],"replies":[{"embeddable":true,"href":"https:\/\/latajznami.com\/index.php?rest_route=%2Fwp%2Fv2%2Fcomments&post=21"}],"version-history":[{"count":11,"href":"https:\/\/latajznami.com\/index.php?rest_route=\/wp\/v2\/pages\/21\/revisions"}],"predecessor-version":[{"id":167,"href":"https:\/\/latajznami.com\/index.php?rest_route=\/wp\/v2\/pages\/21\/revisions\/167"}],"wp:attachment":[{"href":"https:\/\/latajznami.com\/index.php?rest_route=%2Fwp%2Fv2%2Fmedia&parent=21"}],"curies":[{"name":"wp","href":"https:\/\/api.w.org\/{rel}","templated":true}]}}